{"id":26,"date":"2026-02-27T07:37:07","date_gmt":"2026-02-27T07:37:07","guid":{"rendered":"https:\/\/vanessaflankl.studentsweb.at\/?page_id=26"},"modified":"2026-04-16T06:45:05","modified_gmt":"2026-04-16T06:45:05","slug":"26-2","status":"publish","type":"page","link":"https:\/\/vanessaflankl.studentsweb.at\/","title":{"rendered":"Home"},"content":{"rendered":"\n<div class=\"wp-block-cover alignfull is-light has-custom-content-position is-position-top-left\" style=\"margin-top:0;padding-top:5vw;padding-right:5vw;padding-bottom:5vw;padding-left:5vw;min-height:50vh;aspect-ratio:unset;\"><img loading=\"lazy\" decoding=\"async\" width=\"1024\" height=\"349\" class=\"wp-block-cover__image-background wp-image-91 size-large\" alt=\"\" src=\"https:\/\/vanessaflankl.studentsweb.at\/wp-content\/uploads\/2026\/03\/upscalemedia-transformed-3-1024x349.jpeg\" style=\"object-position:51% 16%\" data-object-fit=\"cover\" data-object-position=\"51% 16%\" srcset=\"https:\/\/vanessaflankl.studentsweb.at\/wp-content\/uploads\/2026\/03\/upscalemedia-transformed-3-1024x349.jpeg 1024w, https:\/\/vanessaflankl.studentsweb.at\/wp-content\/uploads\/2026\/03\/upscalemedia-transformed-3-300x102.jpeg 300w, https:\/\/vanessaflankl.studentsweb.at\/wp-content\/uploads\/2026\/03\/upscalemedia-transformed-3-768x262.jpeg 768w, https:\/\/vanessaflankl.studentsweb.at\/wp-content\/uploads\/2026\/03\/upscalemedia-transformed-3.jpeg 1470w\" sizes=\"auto, (max-width: 1024px) 100vw, 1024px\" \/><span aria-hidden=\"true\" class=\"wp-block-cover__background has-background-dim-0 has-background-dim\"><\/span><div class=\"wp-block-cover__inner-container is-layout-flow wp-block-cover-is-layout-flow\">\n<p class=\"has-text-align-center has-large-font-size\"><\/p>\n<\/div><\/div>\n\n\n\n<h1 class=\"wp-block-heading has-text-align-center\">Herzlich Willkommen bei Noble Paws<\/h1>\n\n\n<style>.kb-row-layout-id26_7bd692-8e > .kt-row-column-wrap{align-content:start;}:where(.kb-row-layout-id26_7bd692-8e > .kt-row-column-wrap) > .wp-block-kadence-column{justify-content:start;}.kb-row-layout-id26_7bd692-8e > .kt-row-column-wrap{column-gap:var(--global-kb-gap-md, 2rem);row-gap:var(--global-kb-gap-md, 2rem);max-width:var( --global-content-width, 1442px );padding-left:var(--global-content-edge-padding);padding-right:var(--global-content-edge-padding);padding-top:var(--global-kb-spacing-xs, 1rem);padding-bottom:var(--global-kb-spacing-xxl, 5rem);grid-template-columns:minmax(0, 1fr);}.kb-row-layout-id26_7bd692-8e > .kt-row-layout-overlay{opacity:0.30;}@media all and (max-width: 1024px){.kb-row-layout-id26_7bd692-8e > .kt-row-column-wrap{grid-template-columns:minmax(0, 1fr);}}@media all and (max-width: 767px){.kb-row-layout-id26_7bd692-8e > .kt-row-column-wrap{grid-template-columns:minmax(0, 1fr);}}<\/style><div class=\"kb-row-layout-wrap kb-row-layout-id26_7bd692-8e alignfull has-theme-palette9-background-color kt-row-has-bg wp-block-kadence-rowlayout\"><div class=\"kt-row-column-wrap kt-has-1-columns kt-row-layout-equal kt-tab-layout-inherit kt-mobile-layout-row kt-row-valign-top kb-theme-content-width\">\n<style>.kadence-column26_d07cd0-7d > .kt-inside-inner-col,.kadence-column26_d07cd0-7d > .kt-inside-inner-col:before{border-top-left-radius:0px;border-top-right-radius:0px;border-bottom-right-radius:0px;border-bottom-left-radius:0px;}.kadence-column26_d07cd0-7d > .kt-inside-inner-col{column-gap:var(--global-kb-gap-sm, 1rem);}.kadence-column26_d07cd0-7d > .kt-inside-inner-col{flex-direction:column;}.kadence-column26_d07cd0-7d > .kt-inside-inner-col > .aligncenter{width:100%;}.kadence-column26_d07cd0-7d > .kt-inside-inner-col:before{opacity:0.3;}.kadence-column26_d07cd0-7d{position:relative;}@media all and (max-width: 1024px){.kadence-column26_d07cd0-7d > .kt-inside-inner-col{flex-direction:column;justify-content:center;}}@media all and (max-width: 767px){.kadence-column26_d07cd0-7d > .kt-inside-inner-col{flex-direction:column;justify-content:center;}}<\/style>\n<div class=\"wp-block-kadence-column kadence-column26_d07cd0-7d inner-column-1\"><div class=\"kt-inside-inner-col\">\n<p>\u2013 dem liebevollen Zuhause f\u00fcr alle Katzenfreunde!<\/p>\n\n\n\n<p>Hier dreht sich alles um die faszinierende Welt der Katzen. Ob verspielte, majest\u00e4tische ausgewachsene oder gem\u00fctliche Stubentiger \u2013 bei uns finden Sie spannende Informationen, hilfreiche Tipps f\u00fcr die Ern\u00e4hrung und Gesundheit, sowie interessante Fakten rund um Ihre Lieblingsbegleiter.<\/p>\n\n\n\n<p>Unsere Mission ist es, Katzenliebhabern eine freundliche und vertrauensvolle Anlaufstelle zu bieten. Egal, ob Sie gerade Ihre erste Katze bekommen haben oder schon langj\u00e4hriger Katzenfreund sind \u2013 hier f\u00fchlen Sie sich herzlich eingeladen, mehr \u00fcber diese wundervollen Tiere zu erfahren und sich mit Gleichgesinnten auszutauschen.<\/p>\n\n\n\n<p>St\u00f6bern Sie durch unsere Beitr\u00e4ge, entdecken Sie Wissenswertes und lassen Sie sich von der einzigartigen Welt der Katzen begeistern!<\/p>\n<\/div><\/div>\n\n<\/div><\/div>\n\n\n<hr class=\"wp-block-separator aligncenter has-text-color has-theme-palette-4-color has-alpha-channel-opacity has-theme-palette-4-background-color has-background is-style-wide\"\/>\n","protected":false},"excerpt":{"rendered":"<p>Herzlich Willkommen bei Noble Paws \u2013 dem liebevollen Zuhause f\u00fcr alle Katzenfreunde! Hier dreht sich alles um die faszinierende Welt der Katzen. Ob verspielte, majest\u00e4tische ausgewachsene oder gem\u00fctliche Stubentiger \u2013 bei uns finden Sie spannende Informationen, hilfreiche Tipps f\u00fcr die Ern\u00e4hrung und Gesundheit, sowie interessante Fakten rund um Ihre Lieblingsbegleiter. Unsere Mission ist es, Katzenliebhabern&#8230;<\/p>\n","protected":false},"author":1,"featured_media":0,"parent":0,"menu_order":0,"comment_status":"closed","ping_status":"closed","template":"","meta":{"_kad_post_transparent":"default","_kad_post_title":"hide","_kad_post_layout":"","_kad_post_sidebar_id":"","_kad_post_content_style":"","_kad_post_vertical_padding":"","_kad_post_feature":"","_kad_post_feature_position":"","_kad_post_header":false,"_kad_post_footer":false,"_kad_post_classname":"","footnotes":""},"class_list":["post-26","page","type-page","status-publish","hentry"],"_links":{"self":[{"href":"https:\/\/vanessaflankl.studentsweb.at\/index.php?rest_route=\/wp\/v2\/pages\/26","targetHints":{"allow":["GET"]}}],"collection":[{"href":"https:\/\/vanessaflankl.studentsweb.at\/index.php?rest_route=\/wp\/v2\/pages"}],"about":[{"href":"https:\/\/vanessaflankl.studentsweb.at\/index.php?rest_route=\/wp\/v2\/types\/page"}],"author":[{"embeddable":true,"href":"https:\/\/vanessaflankl.studentsweb.at\/index.php?rest_route=\/wp\/v2\/users\/1"}],"replies":[{"embeddable":true,"href":"https:\/\/vanessaflankl.studentsweb.at\/index.php?rest_route=%2Fwp%2Fv2%2Fcomments&post=26"}],"version-history":[{"count":28,"href":"https:\/\/vanessaflankl.studentsweb.at\/index.php?rest_route=\/wp\/v2\/pages\/26\/revisions"}],"predecessor-version":[{"id":300,"href":"https:\/\/vanessaflankl.studentsweb.at\/index.php?rest_route=\/wp\/v2\/pages\/26\/revisions\/300"}],"wp:attachment":[{"href":"https:\/\/vanessaflankl.studentsweb.at\/index.php?rest_route=%2Fwp%2Fv2%2Fmedia&parent=26"}],"curies":[{"name":"wp","href":"https:\/\/api.w.org\/{rel}","templated":true}]}}