{"id":189,"date":"2026-03-26T07:44:56","date_gmt":"2026-03-26T07:44:56","guid":{"rendered":"https:\/\/vanessaflankl.studentsweb.at\/?page_id=189"},"modified":"2026-04-09T06:23:36","modified_gmt":"2026-04-09T06:23:36","slug":"bengale","status":"publish","type":"page","link":"https:\/\/vanessaflankl.studentsweb.at\/?page_id=189","title":{"rendered":"Bengale"},"content":{"rendered":"<style>.kb-row-layout-id189_acb3bb-71 > .kt-row-column-wrap{align-content:center;}:where(.kb-row-layout-id189_acb3bb-71 > .kt-row-column-wrap) > .wp-block-kadence-column{justify-content:center;}.kb-row-layout-id189_acb3bb-71 > .kt-row-column-wrap{column-gap:var(--global-kb-gap-md, 2rem);row-gap:var(--global-kb-gap-md, 2rem);max-width:var( --global-content-width, 1442px );padding-left:var(--global-content-edge-padding);padding-right:var(--global-content-edge-padding);padding-top:var(--global-kb-spacing-4xl, 8rem);padding-bottom:var(--global-kb-spacing-3xl, 6.5rem);grid-template-columns:minmax(0, 1fr);}.kb-row-layout-id189_acb3bb-71 > .kt-row-layout-overlay{opacity:0.90;background:linear-gradient(135deg,var(--global-palette9,#ffffff) 0%,var(--global-palette4) 0%);mix-blend-mode:normal;}.kb-row-layout-id189_acb3bb-71 .kt-row-layout-bottom-sep{height:100px;}.kb-row-layout-id189_acb3bb-71 .kt-row-layout-bottom-sep svg{width:100%;}.kb-row-layout-id189_acb3bb-71 .kt-row-layout-bottom-sep svg{fill:var(--global-palette9, #ffffff)!important;}@media all and (max-width: 1024px){.kb-row-layout-id189_acb3bb-71 > .kt-row-column-wrap{grid-template-columns:minmax(0, 1fr);}}@media all and (max-width: 1024px){.kb-row-layout-id189_acb3bb-71 .kt-row-layout-bottom-sep{height:px;}}@media all and (max-width: 1024px){.kb-row-layout-id189_acb3bb-71 .kt-row-layout-bottom-sep svg{width:%;}}@media all and (max-width: 767px){.kb-row-layout-id189_acb3bb-71 > .kt-row-column-wrap{padding-top:var(--global-kb-spacing-xl, 4rem);padding-bottom:var(--global-kb-spacing-xl, 4rem);grid-template-columns:minmax(0, 1fr);}.kb-row-layout-id189_acb3bb-71 .kt-row-layout-bottom-sep{height:px;}.kb-row-layout-id189_acb3bb-71 .kt-row-layout-bottom-sep svg{width:%;}}<\/style><div class=\"kb-row-layout-wrap kb-row-layout-id189_acb3bb-71 alignfull kt-row-has-bg kb-divider-static wp-block-kadence-rowlayout\"><div class=\"kt-row-layout-overlay kt-row-overlay-gradient\"><\/div><div class=\"kt-row-layout-bottom-sep kt-row-sep-type-sltl\"><svg viewBox=\"0 0 1000 100\" preserveAspectRatio=\"none\"><path d=\"M1000,0l-1000,100l1000,0l0,-100Z\" \/><\/svg><\/div><div class=\"kt-row-column-wrap kt-has-1-columns kt-row-layout-equal kt-tab-layout-inherit kt-mobile-layout-row kt-row-valign-middle kb-theme-content-width\">\n<style>.kadence-column189_e2c14e-59 > .kt-inside-inner-col,.kadence-column189_e2c14e-59 > .kt-inside-inner-col:before{border-top-left-radius:0px;border-top-right-radius:0px;border-bottom-right-radius:0px;border-bottom-left-radius:0px;}.kadence-column189_e2c14e-59 > .kt-inside-inner-col{column-gap:var(--global-kb-gap-sm, 1rem);}.kadence-column189_e2c14e-59 > .kt-inside-inner-col{flex-direction:column;}.kadence-column189_e2c14e-59 > .kt-inside-inner-col > .aligncenter{width:100%;}.kadence-column189_e2c14e-59 > .kt-inside-inner-col:before{opacity:0.3;}.kadence-column189_e2c14e-59{position:relative;}@media all and (max-width: 1024px){.kadence-column189_e2c14e-59 > .kt-inside-inner-col{flex-direction:column;justify-content:center;}}@media all and (max-width: 767px){.kadence-column189_e2c14e-59 > .kt-inside-inner-col{flex-direction:column;justify-content:center;}}<\/style>\n<div class=\"wp-block-kadence-column kadence-column189_e2c14e-59 inner-column-1\"><div class=\"kt-inside-inner-col\"><style>.wp-block-kadence-advancedheading.kt-adv-heading189_7136d5-e7, .wp-block-kadence-advancedheading.kt-adv-heading189_7136d5-e7[data-kb-block=\"kb-adv-heading189_7136d5-e7\"]{margin-top:var(--global-kb-spacing-xs, 1rem);text-align:center;font-size:var(--global-kb-font-size-xl, 3rem);line-height:1;font-style:normal;}.wp-block-kadence-advancedheading.kt-adv-heading189_7136d5-e7 mark.kt-highlight, .wp-block-kadence-advancedheading.kt-adv-heading189_7136d5-e7[data-kb-block=\"kb-adv-heading189_7136d5-e7\"] mark.kt-highlight{font-style:normal;color:#f76a0c;-webkit-box-decoration-break:clone;box-decoration-break:clone;padding-top:0px;padding-right:0px;padding-bottom:0px;padding-left:0px;}.wp-block-kadence-advancedheading.kt-adv-heading189_7136d5-e7 img.kb-inline-image, .wp-block-kadence-advancedheading.kt-adv-heading189_7136d5-e7[data-kb-block=\"kb-adv-heading189_7136d5-e7\"] img.kb-inline-image{width:150px;vertical-align:baseline;}@media all and (max-width: 1024px){.wp-block-kadence-advancedheading.kt-adv-heading189_7136d5-e7, .wp-block-kadence-advancedheading.kt-adv-heading189_7136d5-e7[data-kb-block=\"kb-adv-heading189_7136d5-e7\"]{font-size:60px;}}@media all and (max-width: 767px){.wp-block-kadence-advancedheading.kt-adv-heading189_7136d5-e7, .wp-block-kadence-advancedheading.kt-adv-heading189_7136d5-e7[data-kb-block=\"kb-adv-heading189_7136d5-e7\"]{font-size:40px;}}<\/style>\n<h1 class=\"kt-adv-heading189_7136d5-e7 wp-block-kadence-advancedheading has-theme-palette-3-color has-text-color\" data-kb-block=\"kb-adv-heading189_7136d5-e7\">Bengale<\/h1>\n<\/div><\/div>\n\n<\/div><\/div>\n\n<style>.kb-row-layout-id189_5b87dc-67 > .kt-row-column-wrap{align-content:start;}:where(.kb-row-layout-id189_5b87dc-67 > .kt-row-column-wrap) > .wp-block-kadence-column{justify-content:start;}.kb-row-layout-id189_5b87dc-67 > .kt-row-column-wrap{column-gap:var(--global-kb-gap-md, 2rem);row-gap:var(--global-kb-gap-md, 2rem);max-width:var( --global-content-width, 1442px );padding-left:var(--global-content-edge-padding);padding-right:var(--global-content-edge-padding);padding-top:var(--global-kb-spacing-sm, 1.5rem);padding-bottom:var(--global-kb-spacing-3xl, 6.5rem);grid-template-columns:minmax(0, 1fr);}.kb-row-layout-id189_5b87dc-67 > .kt-row-layout-overlay{opacity:0.30;}@media all and (max-width: 1024px){.kb-row-layout-id189_5b87dc-67 > .kt-row-column-wrap{grid-template-columns:minmax(0, 1fr);}}@media all and (max-width: 767px){.kb-row-layout-id189_5b87dc-67 > .kt-row-column-wrap{grid-template-columns:minmax(0, 1fr);}}<\/style><div class=\"kb-row-layout-wrap kb-row-layout-id189_5b87dc-67 alignfull has-theme-palette9-background-color kt-row-has-bg wp-block-kadence-rowlayout\"><div class=\"kt-row-column-wrap kt-has-1-columns kt-row-layout-equal kt-tab-layout-inherit kt-mobile-layout-row kt-row-valign-top kb-theme-content-width\">\n<style>.kadence-column189_7dc81f-f6 > .kt-inside-inner-col,.kadence-column189_7dc81f-f6 > .kt-inside-inner-col:before{border-top-left-radius:0px;border-top-right-radius:0px;border-bottom-right-radius:0px;border-bottom-left-radius:0px;}.kadence-column189_7dc81f-f6 > .kt-inside-inner-col{column-gap:var(--global-kb-gap-sm, 1rem);}.kadence-column189_7dc81f-f6 > .kt-inside-inner-col{flex-direction:column;}.kadence-column189_7dc81f-f6 > .kt-inside-inner-col > .aligncenter{width:100%;}.kadence-column189_7dc81f-f6 > .kt-inside-inner-col:before{opacity:0.3;}.kadence-column189_7dc81f-f6{text-align:left;}.kadence-column189_7dc81f-f6{position:relative;}@media all and (max-width: 1024px){.kadence-column189_7dc81f-f6 > .kt-inside-inner-col{flex-direction:column;justify-content:center;}}@media all and (max-width: 767px){.kadence-column189_7dc81f-f6 > .kt-inside-inner-col{flex-direction:column;justify-content:center;}}<\/style>\n<div class=\"wp-block-kadence-column kadence-column189_7dc81f-f6 kb-section-dir-vertical inner-column-1\"><div class=\"kt-inside-inner-col\"><style>.kb-row-layout-id189_8b0cb4-b7 > .kt-row-column-wrap{align-content:start;}:where(.kb-row-layout-id189_8b0cb4-b7 > .kt-row-column-wrap) > .wp-block-kadence-column{justify-content:start;}.kb-row-layout-id189_8b0cb4-b7 > .kt-row-column-wrap{column-gap:var(--global-kb-gap-md, 2rem);row-gap:var(--global-kb-gap-md, 2rem);padding-top:var(--global-kb-spacing-sm, 1.5rem);padding-bottom:var(--global-kb-spacing-sm, 1.5rem);grid-template-columns:repeat(2, minmax(0, 1fr));}.kb-row-layout-id189_8b0cb4-b7 > .kt-row-layout-overlay{opacity:0.30;}@media all and (max-width: 1024px){.kb-row-layout-id189_8b0cb4-b7 > .kt-row-column-wrap{grid-template-columns:repeat(2, minmax(0, 1fr));}}@media all and (max-width: 767px){.kb-row-layout-id189_8b0cb4-b7 > .kt-row-column-wrap{grid-template-columns:minmax(0, 1fr);}}<\/style><div class=\"kb-row-layout-wrap kb-row-layout-id189_8b0cb4-b7 alignnone wp-block-kadence-rowlayout\"><div class=\"kt-row-column-wrap kt-has-2-columns kt-row-layout-equal kt-tab-layout-inherit kt-mobile-layout-row kt-row-valign-top\">\n<style>.kadence-column189_366911-84 > .kt-inside-inner-col,.kadence-column189_366911-84 > .kt-inside-inner-col:before{border-top-left-radius:0px;border-top-right-radius:0px;border-bottom-right-radius:0px;border-bottom-left-radius:0px;}.kadence-column189_366911-84 > .kt-inside-inner-col{column-gap:var(--global-kb-gap-sm, 1rem);}.kadence-column189_366911-84 > .kt-inside-inner-col{flex-direction:column;}.kadence-column189_366911-84 > .kt-inside-inner-col > .aligncenter{width:100%;}.kadence-column189_366911-84 > .kt-inside-inner-col:before{opacity:0.3;}.kadence-column189_366911-84{position:relative;}@media all and (max-width: 1024px){.kadence-column189_366911-84 > .kt-inside-inner-col{flex-direction:column;justify-content:center;}}@media all and (max-width: 767px){.kadence-column189_366911-84 > .kt-inside-inner-col{flex-direction:column;justify-content:center;}}<\/style>\n<div class=\"wp-block-kadence-column kadence-column189_366911-84\"><div class=\"kt-inside-inner-col\">\n<p>Die Bengalkatze ist eine au\u00dfergew\u00f6hnliche Rasse, die durch ihr einzigartiges Aussehen und ihren lebhaften Charakter begeistert. Mit ihrem auff\u00e4lligen, leoparden\u00e4hnlichen Fellmuster zieht sie alle Blicke auf sich. Das gl\u00e4nzende Fell zeigt wundersch\u00f6ne Rosetten und Tupfen, die an wilde Katzen erinnern \u2013 ein echtes Naturwunder f\u00fcr Katzenliebhaber.<\/p>\n\n\n\n<p>Neben ihrem beeindruckenden Erscheinungsbild sind Bengalen auch f\u00fcr ihre Intelligenz und verspielte Art bekannt. Sie sind sehr neugierig, aktiv und lieben es, zu klettern und zu spielen. Gleichzeitig zeigen sie eine liebevolle und soziale Seite, genie\u00dfen die N\u00e4he zu ihren Menschen und k\u00f6nnen zu treuen Begleitern werden.<\/p>\n\n\n\n<p>Wer eine Bengalkatze zu sich holt, bekommt also nicht nur ein optisches Highlight, sondern auch eine lebendige und freundliche Gef\u00e4hrtin, die das Zuhause mit ihrer Energie bereichert. Wenn Sie eine Katze suchen, die sowohl sch\u00f6n als auch charakterstark ist, k\u00f6nnte die Bengale genau die richtige Wahl f\u00fcr Sie sein!<\/p>\n<\/div><\/div>\n\n\n<style>.kadence-column189_1e9569-53 > .kt-inside-inner-col,.kadence-column189_1e9569-53 > .kt-inside-inner-col:before{border-top-left-radius:0px;border-top-right-radius:0px;border-bottom-right-radius:0px;border-bottom-left-radius:0px;}.kadence-column189_1e9569-53 > .kt-inside-inner-col{column-gap:var(--global-kb-gap-sm, 1rem);}.kadence-column189_1e9569-53 > .kt-inside-inner-col{flex-direction:column;}.kadence-column189_1e9569-53 > .kt-inside-inner-col > .aligncenter{width:100%;}.kadence-column189_1e9569-53 > .kt-inside-inner-col:before{opacity:0.3;}.kadence-column189_1e9569-53{position:relative;}@media all and (max-width: 1024px){.kadence-column189_1e9569-53 > .kt-inside-inner-col{flex-direction:column;justify-content:center;}}@media all and (max-width: 767px){.kadence-column189_1e9569-53 > .kt-inside-inner-col{flex-direction:column;justify-content:center;}}<\/style>\n<div class=\"wp-block-kadence-column kadence-column189_1e9569-53\"><div class=\"kt-inside-inner-col\"><style>.wp-block-kadence-advancedgallery.kb-gallery-wrap-id-189_5f1cd5-70{margin-top:0px;padding-top:0px;}.kb-gallery-id-189_5f1cd5-70 .kadence-blocks-gallery-item .kb-gal-image-radius, .kb-gallery-id-189_5f1cd5-70 .kb-slide-item .kb-gal-image-radius img{border-radius:10px 10px 10px 10px;;}.kb-gallery-wrap-id-189_5f1cd5-70.wp-block-kadence-advancedgallery{overflow:visible;}.kb-gallery-wrap-id-189_5f1cd5-70.wp-block-kadence-advancedgallery .kt-blocks-carousel{overflow:visible;}<\/style><div class=\"kb-gallery-wrap-id-189_5f1cd5-70 alignright alignright wp-block-kadence-advancedgallery\"><div class=\"kb-gallery-ul kb-gallery-non-static kb-gallery-type-slider kb-gallery-id-189_5f1cd5-70 kb-gallery-caption-style-bottom-hover kb-gallery-filter-none\" data-image-filter=\"none\" data-lightbox-caption=\"true\"><div class=\"kt-blocks-carousel splide kt-carousel-container-dotstyle-dark kt-carousel-arrowstyle-outlineblack kt-carousel-dotstyle-dark kb-slider-group-arrow kb-slider-arrow-position-center\" data-slider-anim-speed=\"100\" data-slider-scroll=\"1\" data-slider-arrows=\"true\" data-slider-fade=\"false\" data-slider-dots=\"true\" data-slider-type=\"slider\" data-slider-hover-pause=\"false\" data-slider-auto=\"\" data-slider-speed=\"7000\" data-show-pause-button=\"false\"><div class=\"splide__track\"><ul class=\"kt-blocks-carousel-init kb-blocks-slider splide__list\"><li class=\"kb-slide-item kb-gallery-slide-item splide__slide\"><div class=\"kadence-blocks-gallery-item\"><div class=\"kadence-blocks-gallery-item-inner\"><figure class=\"kb-gallery-figure kadence-blocks-gallery-item-hide-caption\"><div class=\"kb-gal-image-radius\"><div class=\"kb-gallery-image-contain kadence-blocks-gallery-intrinsic kb-gallery-image-ratio-port34 kb-has-image-ratio-port34\" ><img loading=\"lazy\" decoding=\"async\" src=\"https:\/\/vanessaflankl.studentsweb.at\/wp-content\/uploads\/2026\/03\/Bengale-3.webp\" width=\"400\" height=\"600\" alt=\"\" data-full-image=\"https:\/\/vanessaflankl.studentsweb.at\/wp-content\/uploads\/2026\/03\/Bengale-3.webp\" data-light-image=\"https:\/\/vanessaflankl.studentsweb.at\/wp-content\/uploads\/2026\/03\/Bengale-3.webp\" data-id=\"202\" class=\"wp-image-202 skip-lazy\" srcset=\"https:\/\/vanessaflankl.studentsweb.at\/wp-content\/uploads\/2026\/03\/Bengale-3.webp 400w, https:\/\/vanessaflankl.studentsweb.at\/wp-content\/uploads\/2026\/03\/Bengale-3-200x300.webp 200w\" sizes=\"auto, (max-width: 400px) 100vw, 400px\" \/><\/div><\/div><\/figure><\/div><\/div><\/li><li class=\"kb-slide-item kb-gallery-slide-item splide__slide\"><div class=\"kadence-blocks-gallery-item\"><div class=\"kadence-blocks-gallery-item-inner\"><figure class=\"kb-gallery-figure kadence-blocks-gallery-item-hide-caption\"><div class=\"kb-gal-image-radius\"><div class=\"kb-gallery-image-contain kadence-blocks-gallery-intrinsic kb-gallery-image-ratio-port34 kb-has-image-ratio-port34\" ><img loading=\"lazy\" decoding=\"async\" src=\"https:\/\/vanessaflankl.studentsweb.at\/wp-content\/uploads\/2026\/04\/Bengale-1024x1024.png\" width=\"1024\" height=\"1024\" alt=\"Bengale Kitten\" data-full-image=\"https:\/\/vanessaflankl.studentsweb.at\/wp-content\/uploads\/2026\/04\/Bengale.png\" data-light-image=\"https:\/\/vanessaflankl.studentsweb.at\/wp-content\/uploads\/2026\/04\/Bengale.png\" data-id=\"219\" class=\"wp-image-219 skip-lazy\" srcset=\"https:\/\/vanessaflankl.studentsweb.at\/wp-content\/uploads\/2026\/04\/Bengale-1024x1024.png 1024w, https:\/\/vanessaflankl.studentsweb.at\/wp-content\/uploads\/2026\/04\/Bengale-300x300.png 300w, https:\/\/vanessaflankl.studentsweb.at\/wp-content\/uploads\/2026\/04\/Bengale-150x150.png 150w, https:\/\/vanessaflankl.studentsweb.at\/wp-content\/uploads\/2026\/04\/Bengale-768x768.png 768w, https:\/\/vanessaflankl.studentsweb.at\/wp-content\/uploads\/2026\/04\/Bengale-1536x1536.png 1536w, https:\/\/vanessaflankl.studentsweb.at\/wp-content\/uploads\/2026\/04\/Bengale-2048x2048.png 2048w\" sizes=\"auto, (max-width: 1024px) 100vw, 1024px\" \/><\/div><\/div><\/figure><\/div><\/div><\/li><\/ul><\/div><\/div><\/div><\/div><\/div><\/div>\n\n<\/div><\/div><\/div><\/div>\n\n<\/div><\/div>\n\n\n<p><\/p>\n","protected":false},"excerpt":{"rendered":"<p>Bengale Die Bengalkatze ist eine au\u00dfergew\u00f6hnliche Rasse, die durch ihr einzigartiges Aussehen und ihren lebhaften Charakter begeistert. Mit ihrem auff\u00e4lligen, leoparden\u00e4hnlichen Fellmuster zieht sie alle Blicke auf sich. Das gl\u00e4nzende Fell zeigt wundersch\u00f6ne Rosetten und Tupfen, die an wilde Katzen erinnern \u2013 ein echtes Naturwunder f\u00fcr Katzenliebhaber. Neben ihrem beeindruckenden Erscheinungsbild sind Bengalen auch f\u00fcr&#8230;<\/p>\n","protected":false},"author":1,"featured_media":0,"parent":0,"menu_order":0,"comment_status":"closed","ping_status":"closed","template":"","meta":{"_kad_post_transparent":"","_kad_post_title":"","_kad_post_layout":"","_kad_post_sidebar_id":"","_kad_post_content_style":"","_kad_post_vertical_padding":"","_kad_post_feature":"","_kad_post_feature_position":"","_kad_post_header":false,"_kad_post_footer":false,"_kad_post_classname":"","footnotes":""},"class_list":["post-189","page","type-page","status-publish","hentry"],"_links":{"self":[{"href":"https:\/\/vanessaflankl.studentsweb.at\/index.php?rest_route=\/wp\/v2\/pages\/189","targetHints":{"allow":["GET"]}}],"collection":[{"href":"https:\/\/vanessaflankl.studentsweb.at\/index.php?rest_route=\/wp\/v2\/pages"}],"about":[{"href":"https:\/\/vanessaflankl.studentsweb.at\/index.php?rest_route=\/wp\/v2\/types\/page"}],"author":[{"embeddable":true,"href":"https:\/\/vanessaflankl.studentsweb.at\/index.php?rest_route=\/wp\/v2\/users\/1"}],"replies":[{"embeddable":true,"href":"https:\/\/vanessaflankl.studentsweb.at\/index.php?rest_route=%2Fwp%2Fv2%2Fcomments&post=189"}],"version-history":[{"count":3,"href":"https:\/\/vanessaflankl.studentsweb.at\/index.php?rest_route=\/wp\/v2\/pages\/189\/revisions"}],"predecessor-version":[{"id":221,"href":"https:\/\/vanessaflankl.studentsweb.at\/index.php?rest_route=\/wp\/v2\/pages\/189\/revisions\/221"}],"wp:attachment":[{"href":"https:\/\/vanessaflankl.studentsweb.at\/index.php?rest_route=%2Fwp%2Fv2%2Fmedia&parent=189"}],"curies":[{"name":"wp","href":"https:\/\/api.w.org\/{rel}","templated":true}]}}